{"id":1638,"date":"2023-03-08T18:35:45","date_gmt":"2023-03-08T17:35:45","guid":{"rendered":"https:\/\/www.legilaboris.cat\/politica-de-cookies\/"},"modified":"2024-09-24T16:24:06","modified_gmt":"2024-09-24T14:24:06","slug":"politica-de-cookies","status":"publish","type":"page","link":"https:\/\/www.legilaboris.cat\/ca\/politica-de-cookies\/","title":{"rendered":"Pol\u00ed\u00adtica de Cookies"},"content":{"rendered":"\t\t<div data-elementor-type=\"wp-page\" data-elementor-id=\"1638\" class=\"elementor elementor-1638 elementor-170\" data-elementor-post-type=\"page\">\n\t\t\t\t<div class=\"elementor-element elementor-element-418fc75e e-flex e-con-boxed e-con e-parent\" data-id=\"418fc75e\" data-element_type=\"container\">\n\t\t\t\t\t<div class=\"e-con-inner\">\n\t\t\t\t<div class=\"elementor-element elementor-element-6f859892 elementor-widget elementor-widget-text-editor\" data-id=\"6f859892\" data-element_type=\"widget\" data-widget_type=\"text-editor.default\">\n\t\t\t\t<div class=\"elementor-widget-container\">\n\t\t\t\t\t\t\t\t\t<h2 class=\"wp-block-heading\">Quin \u00e9s l\u2019objectiu d\u2019aquesta Pol\u00ed\u00adtica de Cookies?<\/h2>\n<p>Des de <strong>LEGI LABORIS, S.L.P.<\/strong>, (d\u2019ara endavant, \u201cLEGI LABORIS\u201d, \u201cnosaltres\u201d, \u201cel nostre\/s, la nostra\/s\u201d, \u201cens\u201d) volem oferir-te, com a usuari (d\u2019ara endavant, \u201cUsuari\u201d, \u201ctu\u201d, \u201ca tu\u201d i \u201cteu\/va\u201d), una experi\u00e8ncia de navegaci\u00f3 i un servei segur i de confian\u00e7a en la nostra p\u00e0gina web amb domini https:\/\/www.legilaboris.cat (\u201cP\u00e0gina Web\u201d).<br \/>\nPer aix\u00f2, hem implementat la present Pol\u00ed\u00adtica de Cookies que compleix amb les mesures de seguretat exigides pel Reglament Europeu de Protecci\u00f3 de Dades 679\/2016, de 27 d\u2019abril, relatiu a la protecci\u00f3 de les persones f\u00ed\u00adsiques pel que fa al tractament de dades personals i a la lliure circulaci\u00f3 d\u2019aquestes dades (d\u2019ara endavant, <strong>\u201cRGPD\u201d)<\/strong>, la Llei org\u00e0nica 3\/2018, de 5 de desembre, de Protecci\u00f3 de Dades Personals i garantia dels drets digitals (d\u2019ara endavant, <strong>\u201cLOPDGDD\u201d<\/strong>), i, la Llei 34\/2002, d\u201911 de juliol, de serveis de la societat de la informaci\u00f3 i de comer\u00e7 electr\u00f2nic (<strong>\u201cLSSICE\u201d<\/strong>), tot aix\u00f2 amb l\u2019objectiu de garantir la teva privacitat i ser transparents amb l\u2019\u00fas de les teves dades.<\/p>\n<p>Com ja consta en el nostre <a href=\"https:\/\/www.legilaboris.cat\/ca\/avis-legal\/\">Av\u00eds Legal<\/a>, la P\u00e0gina Web \u00e9s de la nostra titularitat i, a continuaci\u00f3, et facilitem les nostres dades identificatives:<\/p>\n<p style=\"padding-left: 40px;\"><strong>LEGI LABORIS, S.L.P.<\/strong><br \/>\n<strong>CIF:<\/strong> B67504886<br \/>\n<strong>Domicili social:<\/strong> C\/ Narc\u00ed\u00ads Giralt, 5, 08202 Sabadell (Barcelona, Espa\u00f1a)<br \/>\n<strong>Correu electr\u00f2nic de contacte:<\/strong> <a href=\"mailto:pd@legilaboris.cat\">pd@legilaboris.cat<\/a><br \/>\n<strong>Correu electr\u00f2nic en mat\u00e8ria de protecci\u00f3 de dades personals:<\/strong> <a href=\"mailto:pd@legilaboris.cat\">pd@legilaboris.cat<\/a><br \/>\n<strong>Tel\u00e8fon de contacte:<\/strong> 93 725 01 00<br \/>\n<strong>Dades registrals:<\/strong> Registre Mercantil de Barcelona, Tom 47073, Foli 121, Fulla B-540204, inscripci\u00f3 primera<\/p>\n<p>Per a qualsevol dubte que tinguis, pots contactar amb nosaltres, ja sigui via correu electr\u00f2nic, tel\u00e8fon, o, a la nostra adre\u00e7a f\u00ed\u00adsica.<\/p>\n<p>Amb la finalitat de facilitar la teva navegaci\u00f3 en la P\u00e0gina Web, t\u2019informem que utilitzem cookies o altres dispositius d\u2019emmagatzematge i recuperaci\u00f3 de dades de funcionalitat similar (d\u2019ara endavant, les \u201cCookies\u201d). En aquest sentit, i, amb l\u2019objectiu de garantir que rebis tota la informaci\u00f3 necess\u00e0ria per a la teva correcta navegaci\u00f3, posem a la teva disposici\u00f3 el seg\u00fcent text informatiu sobre qu\u00e8 s\u00f3n les Cookies, quina tipologia de Cookies utilitzem en la P\u00e0gina Web i com \u00e9s possible configurar-les o deshabilitar-les.<\/p>\n<h2 class=\"wp-block-heading\">Qu\u00e8 \u00e9s una Cookie?<\/h2>\n<p>Les Cookies s\u00f3n arxius enviats des d\u2019un servidor web que s\u2019instal\u00b7len en els dispositius amb els quals un usuari accedeix a un lloc web, i obtenen una certa informaci\u00f3, com per exemple podria ser la conducta de navegaci\u00f3 de l\u2019usuari en aquest mateix lloc web.<\/p>\n<p>Les Cookies s\u00f3n essencials per al funcionament d\u2019internet, ja que ofereixen solucions t\u00e8cniques que permeten a l\u2019usuari navegar pels diferents llocs web; no poden danyar l\u2019equip\/dispositiu en el qual s\u2019instal\u00b7lin i poden usar-se per a identificar i resoldre possibles errors de funcionament d\u2019un lloc web. Tamb\u00e9 poden ser utilitzades amb finalitats publicit\u00e0ries o anal\u00ed\u00adtiques, entre altres.<\/p>\n<h2 class=\"wp-block-heading\">Quin tipus de Cookies utilitzem en la nostra p\u00e0gina web?<\/h2>\n<p>Concretament, en LEGI LABORIS utilitzem Cookies pr\u00f2pies generades directament per aquest domini i Cookies de tercers generades des d\u2019altres llocs web aliens a LEGI LABORIS, pertanyents a terceres empreses, per a les finalitats concretes que a continuaci\u00f3 s\u2019exposen. Si en un futur LEGI LABORIS utilitz\u00e9s altres Cookies amb el prop\u00f2sit d\u2019atorgar m\u00e9s i millors serveis, se t\u2019informar\u00e0 d\u2019aix\u00f2.<\/p>\n<h3 class=\"wp-block-heading\">(i) Cookies t\u00e8cniques pr\u00f2pies<\/h3>\n<p>S\u00f3n aquelles que et permeten navegar a trav\u00e9s de la P\u00e0gina Web i fan possible la utilitzaci\u00f3 de les diferents opcions o serveis que oferim com, per exemple, controlar el tr\u00e0nsit i la comunicaci\u00f3 de dades, identificar la sessi\u00f3, accedir a parts d\u2019acc\u00e9s restringit, controlar el frau vinculat a la seguretat del servei, realitzar la sol\u00b7licitud d\u2019inscripci\u00f3 o participaci\u00f3 en un esdeveniment, comptar visites, utilitzar elements de seguretat durant la navegaci\u00f3, emmagatzemar continguts per a la difusi\u00f3 de v\u00ed\u00addeos o so, habilitar continguts din\u00e0mics (per exemple, animaci\u00f3 de c\u00e0rrega d\u2019un text o imatge), entre altres.<\/p>\n<p>No necessitem el teu consentiment per a instal\u00b7lar en el teu dispositiu les Cookies que siguin necess\u00e0ries per a activar les funcionalitats de la P\u00e0gina Web, i el seu \u00fas es basa en la necessitat de prestar els serveis sol\u00b7licitats. Si desactives o bloqueges totes les Cookies del teu navegador, pot ser que la teva navegaci\u00f3 per la P\u00e0gina Web no sigui \u00f2ptima i que no et funcionin correctament alguns serveis.<\/p>\n<h3 class=\"wp-block-heading\">(ii) Cookies de personalitzaci\u00f3<\/h3>\n<p>S\u00f3n aquelles que permeten recordar informaci\u00f3 perqu\u00e8 accedeixis al servei amb determinades caracter\u00ed\u00adstiques que poden diferenciar la teva experi\u00e8ncia de la d\u2019altres usuaris, com, per exemple, el nombre de resultats a mostrar quan realitzes una cerca, l\u2019aspecte o contingut del servei en funci\u00f3 del tipus de navegador a trav\u00e9s del qual accedeixes al servei o de la regi\u00f3 des de la qual accedeixes al servei, etc. Si \u00e9s ets tu mateix qui tria aquestes caracter\u00ed\u00adstiques, les Cookies seran considerades com un servei expressament sol\u00b7licitat per tu, i per aix\u00f2 s\u2019utilitzaran exclusivament per a la finalitat seleccionada sense demanar el teu consentiment expr\u00e9s.<\/p>\n<h3 class=\"wp-block-heading\">(iii) Cookies anal\u00ed\u00adtiques<\/h3>\n<p>Aquestes Cookies recopilen informaci\u00f3 sobre la manera en qu\u00e8 visites la P\u00e0gina Web, per exemple, quines p\u00e0gines visites amb m\u00e9s freq\u00fc\u00e8ncia, si reps missatges d\u2019error de p\u00e0gines web, les seccions de la P\u00e0gina Web a les quals accedeixes o els botons de la P\u00e0gina Web sobre els quals fas clic. La informaci\u00f3 obtinguda per aquestes Cookies no permet identificar-te. Tota la informaci\u00f3 obtinguda \u00e9s agregada i, per tant, an\u00f2nima. La funci\u00f3 d\u2019aquestes Cookies \u00e9s obtenir estad\u00ed\u00adstiques i informes que permeten millorar el funcionament de la P\u00e0gina Web. Aquestes Cookies nom\u00e9s s\u2019instal\u00b7len en el teu dispositiu si les acceptes.<\/p>\n<h4 class=\"wp-block-heading\">Llistat de cookies anal\u00ed\u00adtiques de la P\u00e0gina Web<\/h4>\n<div class=\"wp-block-columns\">\n<div class=\"wp-block-column\" style=\"flex-basis: 100%;\">\n<div class=\"wp-block-group\">\n<figure class=\"wp-block-table\">\n<table>\n<thead>\n<tr>\n<th class=\"has-text-align-left\" data-align=\"left\">Nom de les cookies<\/th>\n<th class=\"has-text-align-left\" data-align=\"left\">Enlla\u00e7 a la pol\u00ed\u00adtica de privacitat del tercer<\/th>\n<th class=\"has-text-align-left\" data-align=\"left\">Durada<\/th>\n<\/tr>\n<\/thead>\n<tbody>\n<tr>\n<td class=\"has-text-align-left\" data-align=\"left\">_ga_CBJFJC704E<\/td>\n<td class=\"has-text-align-left\" data-align=\"left\">Google Analytics<\/td>\n<td class=\"has-text-align-left\" data-align=\"left\">1 any<\/td>\n<\/tr>\n<tr>\n<td class=\"has-text-align-left\" data-align=\"left\">_ga<\/td>\n<td class=\"has-text-align-left\" data-align=\"left\">Google Analytics<\/td>\n<td class=\"has-text-align-left\" data-align=\"left\">1 any<\/td>\n<\/tr>\n<\/tbody>\n<tfoot>\n<tr>\n<td class=\"has-text-align-left\" data-align=\"left\"><\/td>\n<td class=\"has-text-align-left\" data-align=\"left\"><\/td>\n<td class=\"has-text-align-left\" data-align=\"left\"><\/td>\n<\/tr>\n<\/tfoot>\n<\/table>\n<\/figure>\n<\/div>\n<\/div>\n<\/div>\n<h2 class=\"wp-block-heading\">Per quant temps es conserven les Cookies?<\/h2>\n<p>Les Cookies utilitzades per la P\u00e0gina Web seran conservades en el teu dispositiu durant el temps necessari per a la finalitat per la qual van ser instal\u00b7lades, i com a m\u00e0xim, durant 1 any, tret que decideixis eliminar-les a trav\u00e9s de les opcions de configuraci\u00f3 del teu navegador.<\/p>\n<p>Al llarg de la present Pol\u00ed\u00adtica de Cookies es mostra el termini concret de durada de les Cookies.<\/p>\n<h2 class=\"wp-block-heading\">Es realitzen transfer\u00e8ncies internacionals de les teves dades?<\/h2>\n<p>Alguns de les dades personals obtingudes a trav\u00e9s de Cookies de tercers seran objecte de transfer\u00e8ncies internacionals, i en aquest cas et garantim que s\u2019adoptaran les garanties necess\u00e0ries per a protegir la confidencialitat, integritat i disponibilitat d\u2019aquests. Per a obtenir m\u00e9s informaci\u00f3 sobre les transfer\u00e8ncies internacionals realitzada per cada tercer, pots accedir a les seves pol\u00ed\u00adtiques de privacitat mostrades en la present Pol\u00ed\u00adtica de Cookies.<\/p>\n<h2 class=\"wp-block-heading\">Com acceptar, rebutjar, bloquejar o eliminar Cookies?<\/h2>\n<p>Pots acceptar o rebutjar les Cookies en qualsevol moment accedint de nou al nostre panell de prefer\u00e8ncies:<br \/>\nAix\u00e0mateix, pots bloquejar o eliminar les Cookies a trav\u00e9s de les eines de configuraci\u00f3 del navegador, o b\u00e9, pots configurar el teu navegador perqu\u00e8 t\u2019avisi quan un servidor vulgui guardar les Cookies:<\/p>\n<p>a) Si utilitzes Microsoft Internet Explorer, trobar\u00e0s l\u2019opci\u00f3 en el men\u00fa Eines &gt; Opcions d\u2019Internet &gt; Privacitat &gt; Configuraci\u00f3. Per a saber m\u00e9s visita: <a href=\"http:\/\/windows.microsoft.com\/es-es\/windows-vista\/block-or-allow-Cookies y http:\/\/windows.microsoft.com\/es-es\/windows7\/how-to-manage-Cookies-in-internet-explorer-9\" target=\"_blank\" rel=\"noreferrer noopener nofollow\">http:\/\/windows.microsoft.com\/es-es\/windows-vista\/block-or-allow-Cookies y http:\/\/windows.microsoft.com\/es-es\/windows7\/how-to-manage-Cookies-in-internet-explorer-9<\/a><\/p>\n<p>b) Si utilitzes Firefox, trobar\u00e0s l\u2019opci\u00f3 en el men\u00fa Eines &gt; Opcions &gt; Privacitat &gt; Cookies. Per a saber m\u00e9s visita:<br \/>\n<a href=\"http:\/\/support.mozilla.org\/es\/kb\/habilitar-y-deshabilitar-Cookies-que-los-sitios-we\" target=\"_blank\" rel=\"noreferrer noopener nofollow\">http:\/\/support.mozilla.org\/es\/kb\/habilitar-y-deshabilitar-Cookies-que-los-sitios-we<\/a><\/p>\n<p>c) Si utilitzes Chrome, en la secci\u00f3 d\u2019Opcions &gt; Opcions avan\u00e7ades &gt; Privacitat. Per a saber m\u00e9s:<br \/>\n<a href=\"https:\/\/support.google.com\/accounts\/answer\/61416?hl=es\" target=\"_blank\" rel=\"noreferrer noopener\">https:\/\/support.<\/a><a href=\"https:\/\/support.google.com\/accounts\/answer\/61416?hl=es\" target=\"_blank\" rel=\"noreferrer noopener nofollow\">google<\/a><a href=\"https:\/\/support.google.com\/accounts\/answer\/61416?hl=es\" target=\"_blank\" rel=\"noreferrer noopener\">.com\/accounts\/answer\/61416?hl=es<\/a><\/p>\n<p>d) Si utilitzes Opera, en l\u2019opci\u00f3 de Seguretat i Privacitat, podr\u00e0s configurar el navegador. Per a saber m\u00e9s visita:<br \/>\n<a href=\"http:\/\/help.opera.com\/Windows\/11.50\/es-ES\/cookies.html\" target=\"_blank\" rel=\"noreferrer noopener\">http:\/\/help.<\/a><a href=\"http:\/\/help.opera.com\/Windows\/11.50\/es-ES\/cookies.html\" target=\"_blank\" rel=\"noreferrer noopener nofollow\">opera<\/a><a href=\"http:\/\/help.opera.com\/Windows\/11.50\/es-ES\/cookies.html\" target=\"_blank\" rel=\"noreferrer noopener\">.com\/Windows\/11.50\/es-ES\/cookies.html<\/a><\/p>\n<p>e) Si utilitzes Safari trobar\u00e0s l\u2019opci\u00f3 en el men\u00fa Prefer\u00e8ncies\/Privacitat. M\u00e9s informaci\u00f3 en:<br \/>\n<a href=\"http:\/\/support.apple.com\/kb\/HT1677?viewlocale=es_ES\" target=\"_blank\" rel=\"noreferrer noopener\">http:\/\/<\/a><a href=\"http:\/\/support.apple.com\/kb\/HT1677?viewlocale=es_ES\" target=\"_blank\" rel=\"noreferrer noopener nofollow\">support<\/a><a href=\"http:\/\/support.apple.com\/kb\/HT1677?viewlocale=es_ES\" target=\"_blank\" rel=\"noreferrer noopener\">.apple.com\/kb\/HT1677?viewlocale=es_ES<\/a><\/p>\n<h2 class=\"wp-block-heading\">Informaci\u00f3 adicional<\/h2>\n<p>Pots obtenir m\u00e9s informaci\u00f3 sobre el tractament de les teves dades realitzat en la P\u00e0gina Web, aix\u00ed com sobre l\u2019exercici dels teus drets, en la nostra <a href=\"https:\/\/www.legilaboris.cat\/ca\/politica-de-privacitat\/\">Pol\u00ed\u00adtica de Privacitat<\/a>. Tamb\u00e9, et recordem que aquesta Pol\u00ed\u00adtica de Cookies s\u2019interrelaciona amb l&#8217;<a href=\"https:\/\/www.legilaboris.cat\/ca\/avis-legal\/\">Av\u00eds Legal<\/a> de LEGI LABORIS.<\/p>\n<p>Finalment, et recordem una vegada m\u00e9s que pots contactar amb nosaltres per a qualsevol dubte que tinguis fent \u00fas de les direccions i dades de contacte mostrats en l\u2019inici d\u2019aquesta pol\u00ed\u00adtica.<\/p>\n\t\t\t\t\t\t\t\t<\/div>\n\t\t\t\t<\/div>\n\t\t\t\t\t<\/div>\n\t\t\t\t<\/div>\n\t\t\t\t<\/div>\n\t\t","protected":false},"excerpt":{"rendered":"<p>Quin \u00e9s l\u2019objectiu d\u2019aquesta Pol\u00ed\u00adtica de Cookies? Des de LEGI LABORIS, S.L.P., (d\u2019ara endavant, \u201cLEGI LABORIS\u201d, \u201cnosaltres\u201d, \u201cel nostre\/s, la nostra\/s\u201d, \u201cens\u201d) volem oferir-te, com a usuari (d\u2019ara endavant, \u201cUsuari\u201d, \u201ctu\u201d, \u201ca tu\u201d i \u201cteu\/va\u201d), una experi\u00e8ncia de navegaci\u00f3 i un servei segur i de confian\u00e7a en la nostra p\u00e0gina web amb domini https:\/\/www.legilaboris.cat (\u201cP\u00e0gina [&hellip;]<\/p>\n","protected":false},"author":2,"featured_media":0,"parent":0,"menu_order":0,"comment_status":"closed","ping_status":"closed","template":"","meta":{"_acf_changed":false,"footnotes":""},"class_list":["post-1638","page","type-page","status-publish","hentry"],"acf":[],"yoast_head":"<!-- This site is optimized with the Yoast SEO plugin v27.4 - https:\/\/yoast.com\/product\/yoast-seo-wordpress\/ -->\n<title>Pol\u00ed\u00adtica de Cookies - LEGI LABORIS ADVOCATS<\/title>\n<meta name=\"robots\" content=\"noindex, nofollow\" \/>\n<meta property=\"og:locale\" content=\"ca_ES\" \/>\n<meta property=\"og:type\" content=\"article\" \/>\n<meta property=\"og:title\" content=\"Pol\u00ed\u00adtica de Cookies - LEGI LABORIS ADVOCATS\" \/>\n<meta property=\"og:description\" content=\"Quin \u00e9s l\u2019objectiu d\u2019aquesta Pol\u00ed\u00adtica de Cookies? Des de LEGI LABORIS, S.L.P., (d\u2019ara endavant, \u201cLEGI LABORIS\u201d, \u201cnosaltres\u201d, \u201cel nostre\/s, la nostra\/s\u201d, \u201cens\u201d) volem oferir-te, com a usuari (d\u2019ara endavant, \u201cUsuari\u201d, \u201ctu\u201d, \u201ca tu\u201d i \u201cteu\/va\u201d), una experi\u00e8ncia de navegaci\u00f3 i un servei segur i de confian\u00e7a en la nostra p\u00e0gina web amb domini https:\/\/www.legilaboris.cat (\u201cP\u00e0gina [&hellip;]\" \/>\n<meta property=\"og:url\" content=\"https:\/\/www.legilaboris.cat\/ca\/politica-de-cookies\/\" \/>\n<meta property=\"og:site_name\" content=\"LEGI LABORIS ADVOCATS\" \/>\n<meta property=\"article:modified_time\" content=\"2024-09-24T14:24:06+00:00\" \/>\n<meta name=\"twitter:card\" content=\"summary_large_image\" \/>\n<script type=\"application\/ld+json\" class=\"yoast-schema-graph\">{\"@context\":\"https:\\\/\\\/schema.org\",\"@graph\":[{\"@type\":\"WebPage\",\"@id\":\"https:\\\/\\\/www.legilaboris.cat\\\/ca\\\/politica-de-cookies\\\/\",\"url\":\"https:\\\/\\\/www.legilaboris.cat\\\/ca\\\/politica-de-cookies\\\/\",\"name\":\"Pol\u00ed\u00adtica de Cookies - LEGI LABORIS ADVOCATS\",\"isPartOf\":{\"@id\":\"https:\\\/\\\/www.legilaboris.cat\\\/ca\\\/#website\"},\"datePublished\":\"2023-03-08T17:35:45+00:00\",\"dateModified\":\"2024-09-24T14:24:06+00:00\",\"breadcrumb\":{\"@id\":\"https:\\\/\\\/www.legilaboris.cat\\\/ca\\\/politica-de-cookies\\\/#breadcrumb\"},\"inLanguage\":\"ca\",\"potentialAction\":[{\"@type\":\"ReadAction\",\"target\":[\"https:\\\/\\\/www.legilaboris.cat\\\/ca\\\/politica-de-cookies\\\/\"]}]},{\"@type\":\"BreadcrumbList\",\"@id\":\"https:\\\/\\\/www.legilaboris.cat\\\/ca\\\/politica-de-cookies\\\/#breadcrumb\",\"itemListElement\":[{\"@type\":\"ListItem\",\"position\":1,\"name\":\"Portada\",\"item\":\"https:\\\/\\\/www.legilaboris.cat\\\/ca\\\/\"},{\"@type\":\"ListItem\",\"position\":2,\"name\":\"Pol\u00ed\u00adtica de Cookies\"}]},{\"@type\":\"WebSite\",\"@id\":\"https:\\\/\\\/www.legilaboris.cat\\\/ca\\\/#website\",\"url\":\"https:\\\/\\\/www.legilaboris.cat\\\/ca\\\/\",\"name\":\"LEGI LABORIS ADVOCATS\",\"description\":\"Abogados especialistas en derecho laboral y seguridad social\",\"potentialAction\":[{\"@type\":\"SearchAction\",\"target\":{\"@type\":\"EntryPoint\",\"urlTemplate\":\"https:\\\/\\\/www.legilaboris.cat\\\/ca\\\/?s={search_term_string}\"},\"query-input\":{\"@type\":\"PropertyValueSpecification\",\"valueRequired\":true,\"valueName\":\"search_term_string\"}}],\"inLanguage\":\"ca\"}]}<\/script>\n<!-- \/ Yoast SEO plugin. -->","yoast_head_json":{"title":"Pol\u00ed\u00adtica de Cookies - LEGI LABORIS ADVOCATS","robots":{"index":"noindex","follow":"nofollow"},"og_locale":"ca_ES","og_type":"article","og_title":"Pol\u00ed\u00adtica de Cookies - LEGI LABORIS ADVOCATS","og_description":"Quin \u00e9s l\u2019objectiu d\u2019aquesta Pol\u00ed\u00adtica de Cookies? Des de LEGI LABORIS, S.L.P., (d\u2019ara endavant, \u201cLEGI LABORIS\u201d, \u201cnosaltres\u201d, \u201cel nostre\/s, la nostra\/s\u201d, \u201cens\u201d) volem oferir-te, com a usuari (d\u2019ara endavant, \u201cUsuari\u201d, \u201ctu\u201d, \u201ca tu\u201d i \u201cteu\/va\u201d), una experi\u00e8ncia de navegaci\u00f3 i un servei segur i de confian\u00e7a en la nostra p\u00e0gina web amb domini https:\/\/www.legilaboris.cat (\u201cP\u00e0gina [&hellip;]","og_url":"https:\/\/www.legilaboris.cat\/ca\/politica-de-cookies\/","og_site_name":"LEGI LABORIS ADVOCATS","article_modified_time":"2024-09-24T14:24:06+00:00","twitter_card":"summary_large_image","schema":{"@context":"https:\/\/schema.org","@graph":[{"@type":"WebPage","@id":"https:\/\/www.legilaboris.cat\/ca\/politica-de-cookies\/","url":"https:\/\/www.legilaboris.cat\/ca\/politica-de-cookies\/","name":"Pol\u00ed\u00adtica de Cookies - LEGI LABORIS ADVOCATS","isPartOf":{"@id":"https:\/\/www.legilaboris.cat\/ca\/#website"},"datePublished":"2023-03-08T17:35:45+00:00","dateModified":"2024-09-24T14:24:06+00:00","breadcrumb":{"@id":"https:\/\/www.legilaboris.cat\/ca\/politica-de-cookies\/#breadcrumb"},"inLanguage":"ca","potentialAction":[{"@type":"ReadAction","target":["https:\/\/www.legilaboris.cat\/ca\/politica-de-cookies\/"]}]},{"@type":"BreadcrumbList","@id":"https:\/\/www.legilaboris.cat\/ca\/politica-de-cookies\/#breadcrumb","itemListElement":[{"@type":"ListItem","position":1,"name":"Portada","item":"https:\/\/www.legilaboris.cat\/ca\/"},{"@type":"ListItem","position":2,"name":"Pol\u00ed\u00adtica de Cookies"}]},{"@type":"WebSite","@id":"https:\/\/www.legilaboris.cat\/ca\/#website","url":"https:\/\/www.legilaboris.cat\/ca\/","name":"LEGI LABORIS ADVOCATS","description":"Abogados especialistas en derecho laboral y seguridad social","potentialAction":[{"@type":"SearchAction","target":{"@type":"EntryPoint","urlTemplate":"https:\/\/www.legilaboris.cat\/ca\/?s={search_term_string}"},"query-input":{"@type":"PropertyValueSpecification","valueRequired":true,"valueName":"search_term_string"}}],"inLanguage":"ca"}]}},"_links":{"self":[{"href":"https:\/\/www.legilaboris.cat\/ca\/wp-json\/wp\/v2\/pages\/1638","targetHints":{"allow":["GET"]}}],"collection":[{"href":"https:\/\/www.legilaboris.cat\/ca\/wp-json\/wp\/v2\/pages"}],"about":[{"href":"https:\/\/www.legilaboris.cat\/ca\/wp-json\/wp\/v2\/types\/page"}],"author":[{"embeddable":true,"href":"https:\/\/www.legilaboris.cat\/ca\/wp-json\/wp\/v2\/users\/2"}],"replies":[{"embeddable":true,"href":"https:\/\/www.legilaboris.cat\/ca\/wp-json\/wp\/v2\/comments?post=1638"}],"version-history":[{"count":9,"href":"https:\/\/www.legilaboris.cat\/ca\/wp-json\/wp\/v2\/pages\/1638\/revisions"}],"predecessor-version":[{"id":2515,"href":"https:\/\/www.legilaboris.cat\/ca\/wp-json\/wp\/v2\/pages\/1638\/revisions\/2515"}],"wp:attachment":[{"href":"https:\/\/www.legilaboris.cat\/ca\/wp-json\/wp\/v2\/media?parent=1638"}],"curies":[{"name":"wp","href":"https:\/\/api.w.org\/{rel}","templated":true}]}}